{"id":652,"date":"2020-03-06T10:48:02","date_gmt":"2020-03-06T10:48:02","guid":{"rendered":"https:\/\/jardinpiscine.fr\/mentions-legales\/"},"modified":"2020-03-10T08:12:07","modified_gmt":"2020-03-10T08:12:07","slug":"mentions-legales","status":"publish","type":"page","link":"https:\/\/boyerjardinpiscine.fr\/en\/mentions-legales\/","title":{"rendered":"Mentions L\u00e9gales"},"content":{"rendered":"\t\t<div data-elementor-type=\"wp-post\" data-elementor-id=\"652\" class=\"elementor elementor-652 elementor-306\" data-elementor-post-type=\"page\">\n\t\t\t\t\t\t<section class=\"elementor-section elementor-top-section elementor-element elementor-element-2c6a5816 elementor-section-full_width elementor-section-height-default elementor-section-height-default\" data-id=\"2c6a5816\" data-element_type=\"section\" data-e-type=\"section\">\n\t\t\t\t\t\t<div class=\"elementor-container elementor-column-gap-default\">\n\t\t\t\t\t<div class=\"elementor-column elementor-col-33 elementor-top-column elementor-element elementor-element-b1cee6d elementor-invisible\" data-id=\"b1cee6d\" data-element_type=\"column\" data-e-type=\"column\" data-settings=\"{&quot;animation&quot;:&quot;fadeIn&quot;}\">\n\t\t\t<div class=\"elementor-widget-wrap elementor-element-populated\">\n\t\t\t\t\t\t<div class=\"elementor-element elementor-element-4a4b9bfb elementor-widget elementor-widget-image\" data-id=\"4a4b9bfb\" data-element_type=\"widget\" data-e-type=\"widget\" data-settings=\"{&quot;sticky_offset&quot;:{&quot;unit&quot;:&quot;px&quot;,&quot;size&quot;:29,&quot;sizes&quot;:[]},&quot;sticky_enable&quot;:&quot;yes&quot;,&quot;sticky_parent&quot;:&quot;yes&quot;,&quot;sticky_unstick_on&quot;:&quot;mobile&quot;,&quot;sticky_follow_scroll&quot;:&quot;yes&quot;,&quot;sticky_offset_bottom&quot;:{&quot;unit&quot;:&quot;px&quot;,&quot;size&quot;:0,&quot;sizes&quot;:[]}}\" data-widget_type=\"image.default\">\n\t\t\t\t<div class=\"elementor-widget-container\">\n\t\t\t\t\t\t\t\t\t\t\t\t\t\t\t<img decoding=\"async\" width=\"215\" height=\"27\" src=\"https:\/\/boyerjardinpiscine.fr\/wp-content\/uploads\/2019\/04\/jardin-piscine.png\" class=\"attachment-large size-large wp-image-689\" alt=\"\" \/>\t\t\t\t\t\t\t\t\t\t\t\t\t\t\t<\/div>\n\t\t\t\t<\/div>\n\t\t\t\t<div class=\"elementor-element elementor-element-4834e180 elementor-nav-menu__align-start elementor-nav-menu--dropdown-tablet elementor-nav-menu__text-align-aside elementor-nav-menu--toggle elementor-nav-menu--burger elementor-widget elementor-widget-nav-menu\" data-id=\"4834e180\" data-element_type=\"widget\" data-e-type=\"widget\" data-settings=\"{&quot;layout&quot;:&quot;vertical&quot;,&quot;sticky_offset&quot;:{&quot;unit&quot;:&quot;px&quot;,&quot;size&quot;:60,&quot;sizes&quot;:[]},&quot;sticky_enable&quot;:&quot;yes&quot;,&quot;submenu_icon&quot;:{&quot;value&quot;:&quot;&lt;i class=\\&quot;fas fa-chevron-down\\&quot; aria-hidden=\\&quot;true\\&quot;&gt;&lt;\\\/i&gt;&quot;,&quot;library&quot;:&quot;fa-solid&quot;},&quot;toggle&quot;:&quot;burger&quot;,&quot;sticky_unstick_on&quot;:&quot;mobile&quot;,&quot;sticky_follow_scroll&quot;:&quot;yes&quot;,&quot;sticky_offset_bottom&quot;:{&quot;unit&quot;:&quot;px&quot;,&quot;size&quot;:0,&quot;sizes&quot;:[]}}\" data-widget_type=\"nav-menu.default\">\n\t\t\t\t<div class=\"elementor-widget-container\">\n\t\t\t\t\t\t\t\t<nav aria-label=\"Menu\" class=\"elementor-nav-menu--main elementor-nav-menu__container elementor-nav-menu--layout-vertical e--pointer-none\">\n\t\t\t\t<ul id=\"menu-1-4834e180\" class=\"elementor-nav-menu sm-vertical\"><li class=\"menu-item menu-item-type-post_type menu-item-object-page menu-item-754\"><a href=\"https:\/\/boyerjardinpiscine.fr\/en\/garden\/\" class=\"elementor-item\">Garden<\/a><\/li>\n<li class=\"menu-item menu-item-type-post_type menu-item-object-page menu-item-755\"><a href=\"https:\/\/boyerjardinpiscine.fr\/en\/swimming-pool\/\" class=\"elementor-item\">Pool<\/a><\/li>\n<li class=\"menu-item menu-item-type-post_type menu-item-object-page menu-item-756\"><a href=\"https:\/\/boyerjardinpiscine.fr\/en\/appointment\/\" class=\"elementor-item\">Garden maintenance<\/a><\/li>\n<\/ul>\t\t\t<\/nav>\n\t\t\t\t\t<div class=\"elementor-menu-toggle\" role=\"button\" tabindex=\"0\" aria-label=\"Menu Toggle\" aria-expanded=\"false\">\n\t\t\t<i aria-hidden=\"true\" role=\"presentation\" class=\"elementor-menu-toggle__icon--open eicon-menu-bar\"><\/i><i aria-hidden=\"true\" role=\"presentation\" class=\"elementor-menu-toggle__icon--close eicon-close\"><\/i>\t\t<\/div>\n\t\t\t\t\t<nav class=\"elementor-nav-menu--dropdown elementor-nav-menu__container\" aria-hidden=\"true\">\n\t\t\t\t<ul id=\"menu-2-4834e180\" class=\"elementor-nav-menu sm-vertical\"><li class=\"menu-item menu-item-type-post_type menu-item-object-page menu-item-754\"><a href=\"https:\/\/boyerjardinpiscine.fr\/en\/garden\/\" class=\"elementor-item\" tabindex=\"-1\">Garden<\/a><\/li>\n<li class=\"menu-item menu-item-type-post_type menu-item-object-page menu-item-755\"><a href=\"https:\/\/boyerjardinpiscine.fr\/en\/swimming-pool\/\" class=\"elementor-item\" tabindex=\"-1\">Pool<\/a><\/li>\n<li class=\"menu-item menu-item-type-post_type menu-item-object-page menu-item-756\"><a href=\"https:\/\/boyerjardinpiscine.fr\/en\/appointment\/\" class=\"elementor-item\" tabindex=\"-1\">Garden maintenance<\/a><\/li>\n<\/ul>\t\t\t<\/nav>\n\t\t\t\t\t\t<\/div>\n\t\t\t\t<\/div>\n\t\t\t\t<div class=\"elementor-element elementor-element-53042ee0 elementor-tablet-align-center elementor-widget elementor-widget-button\" data-id=\"53042ee0\" data-element_type=\"widget\" data-e-type=\"widget\" data-widget_type=\"button.default\">\n\t\t\t\t<div class=\"elementor-widget-container\">\n\t\t\t\t\t\t\t\t\t<div class=\"elementor-button-wrapper\">\n\t\t\t\t\t<a class=\"elementor-button elementor-button-link elementor-size-sm\" href=\"https:\/\/boyerjardinpiscine.fr\/en\/contact-details\/\">\n\t\t\t\t\t\t<span class=\"elementor-button-content-wrapper\">\n\t\t\t\t\t\t\t\t\t<span class=\"elementor-button-text\">Prenons contact<\/span>\n\t\t\t\t\t<\/span>\n\t\t\t\t\t<\/a>\n\t\t\t\t<\/div>\n\t\t\t\t\t\t\t\t<\/div>\n\t\t\t\t<\/div>\n\t\t\t\t<div class=\"elementor-element elementor-element-321230d6 e-grid-align-left e-grid-align-tablet-center elementor-shape-rounded elementor-grid-0 elementor-widget elementor-widget-social-icons\" data-id=\"321230d6\" data-element_type=\"widget\" data-e-type=\"widget\" data-settings=\"{&quot;sticky_offset&quot;:{&quot;unit&quot;:&quot;px&quot;,&quot;size&quot;:160,&quot;sizes&quot;:[]},&quot;sticky_enable&quot;:&quot;yes&quot;,&quot;sticky_unstick_on&quot;:&quot;mobile&quot;,&quot;sticky_follow_scroll&quot;:&quot;yes&quot;,&quot;sticky_offset_bottom&quot;:{&quot;unit&quot;:&quot;px&quot;,&quot;size&quot;:0,&quot;sizes&quot;:[]}}\" data-widget_type=\"social-icons.default\">\n\t\t\t\t<div class=\"elementor-widget-container\">\n\t\t\t\t\t\t\t<div class=\"elementor-social-icons-wrapper elementor-grid\" role=\"list\">\n\t\t\t\t\t\t\t<span class=\"elementor-grid-item\" role=\"listitem\">\n\t\t\t\t\t<a class=\"elementor-icon elementor-social-icon elementor-social-icon-facebook elementor-repeater-item-645b336\" href=\"https:\/\/www.facebook.com\/jardinpiscine.fr\/\" target=\"_blank\">\n\t\t\t\t\t\t<span class=\"elementor-screen-only\">Facebook<\/span>\n\t\t\t\t\t\t\t\t\t\t\t\t\t<i class=\"fa fa-facebook\" aria-hidden=\"true\"><\/i>\n\t\t\t\t\t\t\t\t\t\t\t<\/a>\n\t\t\t\t<\/span>\n\t\t\t\t\t\t\t<span class=\"elementor-grid-item\" role=\"listitem\">\n\t\t\t\t\t<a class=\"elementor-icon elementor-social-icon elementor-social-icon-instagram elementor-repeater-item-deddfd1\" href=\"https:\/\/www.instagram.com\/boyerjardinetpiscine\/\" target=\"_blank\">\n\t\t\t\t\t\t<span class=\"elementor-screen-only\">Instagram<\/span>\n\t\t\t\t\t\t\t\t\t\t\t\t\t<i class=\"fa fa-instagram\" aria-hidden=\"true\"><\/i>\n\t\t\t\t\t\t\t\t\t\t\t<\/a>\n\t\t\t\t<\/span>\n\t\t\t\t\t<\/div>\n\t\t\t\t\t\t<\/div>\n\t\t\t\t<\/div>\n\t\t\t\t\t<\/div>\n\t\t<\/div>\n\t\t\t\t<div class=\"elementor-column elementor-col-66 elementor-top-column elementor-element elementor-element-331aee1f animated-slow elementor-invisible\" data-id=\"331aee1f\" data-element_type=\"column\" data-e-type=\"column\" data-settings=\"{&quot;animation&quot;:&quot;fadeIn&quot;}\">\n\t\t\t<div class=\"elementor-widget-wrap elementor-element-populated\">\n\t\t\t\t\t\t<section class=\"elementor-section elementor-inner-section elementor-element elementor-element-ddec326 elementor-section-boxed elementor-section-height-default elementor-section-height-default\" data-id=\"ddec326\" data-element_type=\"section\" data-e-type=\"section\">\n\t\t\t\t\t\t<div class=\"elementor-container elementor-column-gap-default\">\n\t\t\t\t\t<div class=\"elementor-column elementor-col-33 elementor-inner-column elementor-element elementor-element-261c681d elementor-hidden-phone\" data-id=\"261c681d\" data-element_type=\"column\" data-e-type=\"column\">\n\t\t\t<div class=\"elementor-widget-wrap elementor-element-populated\">\n\t\t\t\t\t\t<div class=\"elementor-element elementor-element-7e4fbeda elementor-widget-divider--view-line elementor-widget elementor-widget-divider\" data-id=\"7e4fbeda\" data-element_type=\"widget\" data-e-type=\"widget\" data-widget_type=\"divider.default\">\n\t\t\t\t<div class=\"elementor-widget-container\">\n\t\t\t\t\t\t\t<div class=\"elementor-divider\">\n\t\t\t<span class=\"elementor-divider-separator\">\n\t\t\t\t\t\t<\/span>\n\t\t<\/div>\n\t\t\t\t\t\t<\/div>\n\t\t\t\t<\/div>\n\t\t\t\t\t<\/div>\n\t\t<\/div>\n\t\t\t\t<div class=\"elementor-column elementor-col-33 elementor-inner-column elementor-element elementor-element-18e6331a\" data-id=\"18e6331a\" data-element_type=\"column\" data-e-type=\"column\">\n\t\t\t<div class=\"elementor-widget-wrap elementor-element-populated\">\n\t\t\t\t\t\t<div class=\"elementor-element elementor-element-21032cc6 elementor-widget elementor-widget-heading\" data-id=\"21032cc6\" data-element_type=\"widget\" data-e-type=\"widget\" data-widget_type=\"heading.default\">\n\t\t\t\t<div class=\"elementor-widget-container\">\n\t\t\t\t\t<h2 class=\"elementor-heading-title elementor-size-default\">Mentions L\u00e9gales<\/h2>\t\t\t\t<\/div>\n\t\t\t\t<\/div>\n\t\t\t\t\t<\/div>\n\t\t<\/div>\n\t\t\t\t<div class=\"elementor-column elementor-col-33 elementor-inner-column elementor-element elementor-element-37e7b99d elementor-hidden-phone\" data-id=\"37e7b99d\" data-element_type=\"column\" data-e-type=\"column\">\n\t\t\t<div class=\"elementor-widget-wrap elementor-element-populated\">\n\t\t\t\t\t\t<div class=\"elementor-element elementor-element-1ca62257 elementor-widget-divider--view-line elementor-widget elementor-widget-divider\" data-id=\"1ca62257\" data-element_type=\"widget\" data-e-type=\"widget\" data-widget_type=\"divider.default\">\n\t\t\t\t<div class=\"elementor-widget-container\">\n\t\t\t\t\t\t\t<div class=\"elementor-divider\">\n\t\t\t<span class=\"elementor-divider-separator\">\n\t\t\t\t\t\t<\/span>\n\t\t<\/div>\n\t\t\t\t\t\t<\/div>\n\t\t\t\t<\/div>\n\t\t\t\t\t<\/div>\n\t\t<\/div>\n\t\t\t\t\t<\/div>\n\t\t<\/section>\n\t\t\t\t<section class=\"elementor-section elementor-inner-section elementor-element elementor-element-e887c45 elementor-section-boxed elementor-section-height-default elementor-section-height-default\" data-id=\"e887c45\" data-element_type=\"section\" data-e-type=\"section\">\n\t\t\t\t\t\t<div class=\"elementor-container elementor-column-gap-default\">\n\t\t\t\t\t<div class=\"elementor-column elementor-col-100 elementor-inner-column elementor-element elementor-element-182340d\" data-id=\"182340d\" data-element_type=\"column\" data-e-type=\"column\">\n\t\t\t<div class=\"elementor-widget-wrap elementor-element-populated\">\n\t\t\t\t\t\t<div class=\"elementor-element elementor-element-90d040c elementor-widget elementor-widget-text-editor\" data-id=\"90d040c\" data-element_type=\"widget\" data-e-type=\"widget\" data-widget_type=\"text-editor.default\">\n\t\t\t\t<div class=\"elementor-widget-container\">\n\t\t\t\t\t\t\t\t\t<p>\u00c9diteur :<br \/>SARL BOYER PAYSAGES<\/p>\n<p>Adresse : Chemin de Pi\u00e9gon 84110 Puym\u00e9ras<br \/>T\u00e9l. 04 90 46 43 10<\/p>\n<p>Siret : 44486097700024<\/p>\n<p>Responsable de la publication :<br \/>Boris Lesn\u00e9<\/p>\n<p>Conception \/ R\u00e9alisation :<br \/>Armada communication<br \/>34 rue Jacques Anquetil \u2013 29000 Quimper<br \/>T\u00e9l : 02 98 53 06 33<br \/>Site web : www.armadacommunication.fr<br \/>Email : contact@armadacommunication.fr<\/p>\n<p>H\u00e9bergement :<br \/>MonArobase<br \/>SARL au capital de 1500 euros \u2013 Siret : 500 518 543 00011<\/p>\n<p>Lieu-dit la Vincendi\u00e8re<br \/>28330 Les Etilleux<\/p>\n<p>T\u00e9l. : 0033 (0)9 72 21 22 90<\/p>\n<p>Informations l\u00e9gales :<br \/>DROITS D\u2019AUTEUR ET COPYRIGHT :<br \/>L\u2019ensemble de ce site rel\u00e8ve de la l\u00e9gislation fran\u00e7aise et internationale sur le droit d\u2019auteur et la propri\u00e9t\u00e9 intellectuelle. Tous droits de reproduction sont r\u00e9serv\u00e9s, y compris pour les documents photographiques.<br \/>La reproduction de tout ou partie de ce site sur un support \u00e9lectronique quel qu\u2019il soit est formellement interdite sauf autorisation expresse du directeur de la publication.<\/p>\n<\/p>\n<p>INFORMATIQUE ET LIBERT\u00c9 :<br \/>Le droit d\u2019acc\u00e8s, de modification, de rectification et de suppression des donn\u00e9es qui vous concernent (article 34 de la loi 78-17 du 6 janvier 1978 relative \u00e0 l\u2019informatique, aux fichiers et aux libert\u00e9s) s\u2019exerce aupr\u00e8s du Responsable de la publication.<\/p>\n\t\t\t\t\t\t\t\t<\/div>\n\t\t\t\t<\/div>\n\t\t\t\t\t<\/div>\n\t\t<\/div>\n\t\t\t\t\t<\/div>\n\t\t<\/section>\n\t\t\t\t\t<\/div>\n\t\t<\/div>\n\t\t\t\t\t<\/div>\n\t\t<\/section>\n\t\t\t\t<\/div>\n\t\t","protected":false},"excerpt":{"rendered":"<p>Prenons contact Facebook Instagram Mentions L\u00e9gales \u00c9diteur :SARL BOYER PAYSAGES Adresse : Chemin de Pi\u00e9gon 84110 Puym\u00e9rasT\u00e9l. 04 90 46 43 10 Siret : 44486097700024 Responsable de la publication :Boris Lesn\u00e9 Conception \/ R\u00e9alisation :Armada communication34 rue Jacques Anquetil \u2013 29000 QuimperT\u00e9l : 02 98 53 06 33Site web : www.armadacommunication.frEmail : contact@armadacommunication.fr H\u00e9bergement :MonArobaseSARL [&hellip;]<\/p>\n","protected":false},"author":1,"featured_media":0,"parent":0,"menu_order":0,"comment_status":"closed","ping_status":"closed","template":"","meta":{"footnotes":""},"class_list":["post-652","page","type-page","status-publish","hentry"],"_links":{"self":[{"href":"https:\/\/boyerjardinpiscine.fr\/en\/wp-json\/wp\/v2\/pages\/652","targetHints":{"allow":["GET"]}}],"collection":[{"href":"https:\/\/boyerjardinpiscine.fr\/en\/wp-json\/wp\/v2\/pages"}],"about":[{"href":"https:\/\/boyerjardinpiscine.fr\/en\/wp-json\/wp\/v2\/types\/page"}],"author":[{"embeddable":true,"href":"https:\/\/boyerjardinpiscine.fr\/en\/wp-json\/wp\/v2\/users\/1"}],"replies":[{"embeddable":true,"href":"https:\/\/boyerjardinpiscine.fr\/en\/wp-json\/wp\/v2\/comments?post=652"}],"version-history":[{"count":3,"href":"https:\/\/boyerjardinpiscine.fr\/en\/wp-json\/wp\/v2\/pages\/652\/revisions"}],"predecessor-version":[{"id":672,"href":"https:\/\/boyerjardinpiscine.fr\/en\/wp-json\/wp\/v2\/pages\/652\/revisions\/672"}],"wp:attachment":[{"href":"https:\/\/boyerjardinpiscine.fr\/en\/wp-json\/wp\/v2\/media?parent=652"}],"curies":[{"name":"wp","href":"https:\/\/api.w.org\/{rel}","templated":true}]}}